{"id":21,"date":"2024-12-28T18:25:55","date_gmt":"2024-12-28T15:25:55","guid":{"rendered":"http:\/\/taskentanahtar.com\/?page_id=21"},"modified":"2024-12-29T16:13:38","modified_gmt":"2024-12-29T13:13:38","slug":"cilingir","status":"publish","type":"page","link":"https:\/\/taskentanahtar.com\/index.php\/cilingir\/","title":{"rendered":"\u00c7ilingir"},"content":{"rendered":"\n<p><strong>Oto \u00c7ilingir<\/strong><\/p>\n\n\n\n<p>\u00c7ilingir anahtar kopyalama ve kaybolan anahtar \u00e7\u0131karma gibi hizmetlerimiz i\u00e7in bizi arayabilirsiniz. sizlere h\u0131zl\u0131 ve g\u00fcvenilir \u00e7\u00f6z\u00fcmler sunmak i\u00e7in buraday\u0131z. \u0130htiya\u00e7lar\u0131n\u0131z i\u00e7in bize ula\u015f\u0131n, size en uygun \u00e7\u00f6z\u00fcm\u00fc sa\u011flayal\u0131m.<\/p>\n\n\n\n<p><strong>Oto \u00c7ilingir Kap\u0131 A\u00e7ma<\/strong><\/p>\n\n\n\n<p>Oto \u00e7ilingir ihtiyac\u0131 aniden ortaya \u00e7\u0131kabilir. Bu durumda biz devreye giriyoruz. 7\/24 h\u0131zl\u0131 ve uzman \u00e7\u00f6z\u00fcmlerle arac\u0131n\u0131z\u0131n kap\u0131lar\u0131na sorunsuz eri\u015fim sa\u011flar. Anahtar kayb\u0131, kilit ar\u0131zalar\u0131 veya kaza sonras\u0131 m\u00fcdahale gibi ihtiya\u00e7lar\u0131n\u0131za an\u0131nda yan\u0131t veriyoruz. G\u00fcvenlik, h\u0131z ve g\u00fcvenilirlik konular\u0131nda size kapsaml\u0131 bir hizmet sunuyoruz. Oto \u00e7ilingir ihtiya\u00e7lar\u0131n\u0131z i\u00e7in bize ula\u015f\u0131n, her zaman sizin yan\u0131n\u0131zday\u0131z!<\/p>\n\n\n\n<p><strong>Oto Anahtar Tamir ve \u00c7o\u011faltma<\/strong><\/p>\n\n\n\n<p>Oto anahtar\u0131 kayb\u0131 veya hasar g\u00f6rd\u00fc\u011f\u00fcnde endi\u015felenmenize gerek yok. Oto anahtar\u0131 tamiri ve \u00e7o\u011faltma konular\u0131nda uzman\u0131z. Kay\u0131p anahtarlar\u0131n\u0131z\u0131 h\u0131zl\u0131 ve g\u00fcvenilir bir \u015fekilde yeniden olu\u015fturmak, hasar g\u00f6rm\u00fc\u015f anahtarlar\u0131 onarmak ve \u00e7o\u011faltmak i\u00e7in buraday\u0131z. Arac\u0131n\u0131za kolayca eri\u015fim sa\u011flamak i\u00e7in profesyonel hizmetimizle size yard\u0131mc\u0131 olabiliriz. Anahtar sorunlar\u0131n\u0131z\u0131 \u00e7\u00f6zmek ve g\u00fcvenli\u011fi sa\u011flamak i\u00e7in bize ula\u015f\u0131n.<\/p>\n","protected":false},"excerpt":{"rendered":"<p>Oto \u00c7ilingir \u00c7ilingir anahtar kopyalama ve kaybolan anahtar \u00e7\u0131karma gibi hizmetlerimiz i\u00e7in bizi arayabilirsiniz. sizlere h\u0131zl\u0131 ve g\u00fcvenilir \u00e7\u00f6z\u00fcmler sunmak i\u00e7in buraday\u0131z. \u0130htiya\u00e7lar\u0131n\u0131z i\u00e7in bize ula\u015f\u0131n, size en uygun \u00e7\u00f6z\u00fcm\u00fc sa\u011flayal\u0131m. Oto \u00c7ilingir Kap\u0131 A\u00e7ma Oto \u00e7ilingir ihtiyac\u0131 aniden ortaya \u00e7\u0131kabilir. Bu durumda biz devreye giriyoruz. 7\/24 h\u0131zl\u0131 ve uzman \u00e7\u00f6z\u00fcmlerle arac\u0131n\u0131z\u0131n kap\u0131lar\u0131na sorunsuz eri\u015fim [&hellip;]<\/p>\n","protected":false},"author":1,"featured_media":0,"parent":0,"menu_order":0,"comment_status":"closed","ping_status":"closed","template":"","meta":{"footnotes":""},"class_list":["post-21","page","type-page","status-publish","hentry"],"_links":{"self":[{"href":"https:\/\/taskentanahtar.com\/index.php\/wp-json\/wp\/v2\/pages\/21","targetHints":{"allow":["GET"]}}],"collection":[{"href":"https:\/\/taskentanahtar.com\/index.php\/wp-json\/wp\/v2\/pages"}],"about":[{"href":"https:\/\/taskentanahtar.com\/index.php\/wp-json\/wp\/v2\/types\/page"}],"author":[{"embeddable":true,"href":"https:\/\/taskentanahtar.com\/index.php\/wp-json\/wp\/v2\/users\/1"}],"replies":[{"embeddable":true,"href":"https:\/\/taskentanahtar.com\/index.php\/wp-json\/wp\/v2\/comments?post=21"}],"version-history":[{"count":4,"href":"https:\/\/taskentanahtar.com\/index.php\/wp-json\/wp\/v2\/pages\/21\/revisions"}],"predecessor-version":[{"id":126,"href":"https:\/\/taskentanahtar.com\/index.php\/wp-json\/wp\/v2\/pages\/21\/revisions\/126"}],"wp:attachment":[{"href":"https:\/\/taskentanahtar.com\/index.php\/wp-json\/wp\/v2\/media?parent=21"}],"curies":[{"name":"wp","href":"https:\/\/api.w.org\/{rel}","templated":true}]}}