{"id":33,"date":"2024-12-28T18:31:03","date_gmt":"2024-12-28T15:31:03","guid":{"rendered":"http:\/\/taskentanahtar.com\/?page_id=33"},"modified":"2024-12-29T16:33:54","modified_gmt":"2024-12-29T13:33:54","slug":"sustali-donusum","status":"publish","type":"page","link":"https:\/\/taskentanahtar.com\/index.php\/sustali-donusum\/","title":{"rendered":"Sustal\u0131 D\u00f6n\u00fc\u015f\u00fcm"},"content":{"rendered":"\n<ul class=\"wp-block-list\">\n<li><strong>Tek Kumanda \u00c7\u00f6z\u00fcm\u00fc:<\/strong>\u00a0Kaba ve \u00e7ok yer kaplayan anahtar ve kumandalar\u0131n\u0131z\u0131 tek bir sustal\u0131 mekanizmada topluyoruz.<\/li>\n\n\n\n<li><strong>\u00dc\u00e7 Y\u00f6ntem:<\/strong>\n<ol class=\"wp-block-list\">\n<li><strong>Mevcut Kumanday\u0131 Kullanma:<\/strong>\u00a0Kumandan\u0131z\u0131n i\u00e7 elektronik devresini sustal\u0131 mekanizmas\u0131na aktar\u0131yoruz.<\/li>\n\n\n\n<li><strong>Alarm Kumandas\u0131:<\/strong>\u00a0Alarm kumandan\u0131za dokunmadan, i\u00e7erisindeki bilgileri elektronik devre olan bir kumandaya aktar\u0131yoruz.<\/li>\n\n\n\n<li><strong>Yeni Sistemler:<\/strong>\u00a0Orijinal sisteminizi kullanarak yeni sustal\u0131 kumandalar yap\u0131yoruz. Bu sistem her ara\u00e7 i\u00e7in ge\u00e7erli olmasa da, giderek daha fazla ara\u00e7 bu sisteme dahil olmaktad\u0131r.<\/li>\n<\/ol>\n<\/li>\n<\/ul>\n\n\n\n<p><\/p>\n","protected":false},"excerpt":{"rendered":"","protected":false},"author":1,"featured_media":0,"parent":0,"menu_order":0,"comment_status":"closed","ping_status":"closed","template":"","meta":{"footnotes":""},"class_list":["post-33","page","type-page","status-publish","hentry"],"_links":{"self":[{"href":"https:\/\/taskentanahtar.com\/index.php\/wp-json\/wp\/v2\/pages\/33","targetHints":{"allow":["GET"]}}],"collection":[{"href":"https:\/\/taskentanahtar.com\/index.php\/wp-json\/wp\/v2\/pages"}],"about":[{"href":"https:\/\/taskentanahtar.com\/index.php\/wp-json\/wp\/v2\/types\/page"}],"author":[{"embeddable":true,"href":"https:\/\/taskentanahtar.com\/index.php\/wp-json\/wp\/v2\/users\/1"}],"replies":[{"embeddable":true,"href":"https:\/\/taskentanahtar.com\/index.php\/wp-json\/wp\/v2\/comments?post=33"}],"version-history":[{"count":2,"href":"https:\/\/taskentanahtar.com\/index.php\/wp-json\/wp\/v2\/pages\/33\/revisions"}],"predecessor-version":[{"id":134,"href":"https:\/\/taskentanahtar.com\/index.php\/wp-json\/wp\/v2\/pages\/33\/revisions\/134"}],"wp:attachment":[{"href":"https:\/\/taskentanahtar.com\/index.php\/wp-json\/wp\/v2\/media?parent=33"}],"curies":[{"name":"wp","href":"https:\/\/api.w.org\/{rel}","templated":true}]}}