{"id":34,"date":"2024-12-28T18:31:03","date_gmt":"2024-12-28T15:31:03","guid":{"rendered":"http:\/\/taskentanahtar.com\/?page_id=34"},"modified":"2024-12-29T16:19:47","modified_gmt":"2024-12-29T13:19:47","slug":"pil-degisimi","status":"publish","type":"page","link":"https:\/\/taskentanahtar.com\/index.php\/pil-degisimi\/","title":{"rendered":"Pil De\u011fi\u015fimi"},"content":{"rendered":"\n<p>Ara\u00e7 Anahtar Pili De\u011fi\u015ftirme i\u015fleminde \u00f6nemli bir ka\u00e7 husus vard\u0131r. Baz\u0131 ara\u00e7larda ise kumanda pil de\u011fi\u015fimi sonras\u0131 ara\u00e7 kumandalar\u0131 kendini otomatik siler bu durumda bu kumandan\u0131n araca y\u00fcklenmesi gerekecektir. T\u00fcm bu i\u015fleriniz i\u00e7in ve pil de\u011fi\u015fimi i\u00e7in i\u015f yerimize gelerek gerekli bilgiyi ve hizmeti alabilirsiniz.<\/p>\n\n\n\n<p><strong>Uzaktan Kumanda Pil \u00c7e\u015fitleri ve Kullan\u0131m Yerleri<\/strong><\/p>\n\n\n\n<p><strong>CR2430 3 VOLT P\u0130L<\/strong>: DL2430 olarak da bilinen bu piller Scan\u0131a ve Daf t\u0131r\u0131n anahtarlar\u0131 ile Audi ara\u00e7 anahtar kumanda pili olarak kullan\u0131l\u0131r.<br><strong>CR2450 3 VOLT P\u0130L<\/strong>: DL2450 pil \u00e7e\u015fidi ara\u00e7 anahtarlar\u0131nda ve BMW F kasa kumandalarda kullan\u0131lan pil \u00e7e\u015fididir.<br><strong>VL2330 3 VOLT P\u0130L<\/strong>: \u015earzl\u0131 pil olarak da bilinen bu seri numaradaki piller Landrover ve Ford ara\u00e7lar\u0131n kumandal\u0131 anahtarlar\u0131nda kullan\u0131l\u0131r.<\/p>\n\n\n\n<p><strong>CR2016 3 VOLT P\u0130L<\/strong>: Orjinal oto kumandalar\u0131 ve sonradan tama a\u00e7ma kapa alarm merkezi kumandalar\u0131nda kullan\u0131lr. Renault v.b. ara\u00e7 kumandalar\u0131nda tercih edilir. Baz\u0131 kumandalarda \u00e7ift (2 adet) olarak kullan\u0131l\u0131r. Para ve d\u00fc\u011fme Pil \u00e7e\u015fitlerinden dir.<br><strong>CR2025 3 VOLT P\u0130L<\/strong>: Oto anahtarlar\u0131n\u0131n kumanda pili olarak kullan\u0131l\u0131r. Genelde opel, volkswagen, peugeot, citroeni fiat gibi ara\u00e7 anahtarlar\u0131nda kullan\u0131lan pil \u00e7e\u015fididir. Para ve d\u00fc\u011fme pil olarak da adland\u0131r\u0131l\u0131r.<br><strong>CR2032 3 VOLT P\u0130L<\/strong>: Otomobil anahtar ve kumandalar\u0131nda kullan\u0131lan bu pil tansiyon aleti, elektronik bask\u00fcl (tart\u0131) bilgisayar kasalar\u0131 ve pek \u00e7ok alanda kullan\u0131lan 3 volt pil \u00e7e\u015fididir. d\u00fc\u011fme pil olarak ge\u00e7en bu piller CR2016 ve CR2025 pillerinden kal\u0131nd\u0131r.<\/p>\n\n\n\n<p><strong>CR1025 3 VOLT P\u0130L<\/strong>: DL1025 olarakda bilinmektedir. Para pil \u00e7e\u015fitlerinin en k\u00fc\u00e7\u00fc\u011f\u00fc bir pil \u00e7e\u015fididir.<br><strong>CR1216 3 VOLT P\u0130L<\/strong>: DL1216 olarak da bilinen pil saat pili ebatlar\u0131nda k\u00fc\u00e7\u00fck pil \u00e7e\u015fididir. Oto anahtar\u0131 ve Renault ara\u00e7lar\u0131n baz\u0131 kumanda modelinde kullan\u0131l\u0131r.<br><strong>CR1220 3 VOLT P\u0130L<\/strong>: DL1220 pil \u00e7e\u015fidi ara\u00e7 anahtar ve kumandalar\u0131nda kullan\u0131lan bir pil \u00e7e\u015fididir.<br><strong>CR1632 3 VOLT P\u0130L<\/strong>: DL1632 otomobil kumandalar\u0131nda kullan\u0131lan bir model olup genelde Honda ve Toyota ara\u00e7 kumandalar\u0131nda kullan\u0131l\u0131r.<\/p>\n\n\n\n<p><strong>27A 12 VOLT P\u0130L<\/strong>: MN27, olarak da ge\u00e7en bu piller garaj bariyer kepenk otomatik kap\u0131 uzaktan kuamndalar\u0131nda kullan\u0131l\u0131r.<br><strong>23A 12 VOLT P\u0130L<\/strong>: A23, V23GA, MN21 olarakda ge\u00e7en bu piller 27A pile nazaran daha b\u00fcy\u00fck olup yine garaj kap\u0131 kumandalar\u0131, otomatik kap\u0131 uzaktan kumandalar\u0131 ve sonradan tak\u0131lan ara\u00e7 kumandalar\u0131nda kullan\u0131l\u0131r.<br><strong>29A 12 VOLT P\u0130L<\/strong>: 12 volt pil \u00e7e\u015fididir. Kalem pillerin k\u00fc\u00e7\u00fck modelidir.<br><strong>11A 12 VOLT P\u0130L<\/strong>: 12 volt pil \u00e7e\u015fidiri. Kalem pillerin k\u00fc\u00e7\u00fck modelidir. Elektronik lazer metrelerde kullan\u0131l\u0131r.<\/p>\n\n\n\n<p><strong>LR44 1,5 VOLT P\u0130L<\/strong>: Oyuncaklarda ve baz\u0131 eski model Mercedes kumandalar\u0131nda kullan\u0131l\u0131r.<br><strong>LR54 1,5 VOLT P\u0130L<\/strong>: AG10\/LR54\/LR1130 olarak kullan\u0131lan 1,5 volt pil \u00e7e\u015fididir.<\/p>\n\n\n\n<p>Ara\u00e7 anahtarlar\u0131nda pil de\u011fi\u015fimi sonras\u0131 baz\u0131 modellerde kumanda kendini silmektedir. Bu gibi durumda kumandan\u0131n araca tekrar manuel olarak y\u00fcklenmesi gerekir. Pil de\u011fi\u015fim i\u015finizde i\u015f yerimize gelerek garaj kumandas\u0131 ve otomobil anahtar kumanda pili de\u011fi\u015fimini yapt\u0131rabilirsiniz. Uzaktan kumanda pil \u00f6mr\u00fc ve raf \u00f6mr\u00fc vard\u0131r. Tak\u0131lm\u0131\u015f olan bir pil kullan\u0131ma ba\u011fl\u0131 olarak ortalama 1 y\u0131l kadar gider. Ara\u00e7 kumanda pili \u00e7abuk bitiyorsa k\u0131sa devre olma ihtimali y\u00fcksektir. Kumanda tamiri yaparak bas\u0131l\u0131 kalan butonlar\u0131 da de\u011fi\u015ftiriyor ve pilin bitmesini \u00f6nlemi\u015f oluyoruz.<\/p>\n\n\n\n<p><\/p>\n","protected":false},"excerpt":{"rendered":"<p>Ara\u00e7 Anahtar Pili De\u011fi\u015ftirme i\u015fleminde \u00f6nemli bir ka\u00e7 husus vard\u0131r. Baz\u0131 ara\u00e7larda ise kumanda pil de\u011fi\u015fimi sonras\u0131 ara\u00e7 kumandalar\u0131 kendini otomatik siler bu durumda bu kumandan\u0131n araca y\u00fcklenmesi gerekecektir. T\u00fcm bu i\u015fleriniz i\u00e7in ve pil de\u011fi\u015fimi i\u00e7in i\u015f yerimize gelerek gerekli bilgiyi ve hizmeti alabilirsiniz. Uzaktan Kumanda Pil \u00c7e\u015fitleri ve Kullan\u0131m Yerleri CR2430 3 VOLT [&hellip;]<\/p>\n","protected":false},"author":1,"featured_media":0,"parent":0,"menu_order":0,"comment_status":"closed","ping_status":"closed","template":"","meta":{"footnotes":""},"class_list":["post-34","page","type-page","status-publish","hentry"],"_links":{"self":[{"href":"https:\/\/taskentanahtar.com\/index.php\/wp-json\/wp\/v2\/pages\/34","targetHints":{"allow":["GET"]}}],"collection":[{"href":"https:\/\/taskentanahtar.com\/index.php\/wp-json\/wp\/v2\/pages"}],"about":[{"href":"https:\/\/taskentanahtar.com\/index.php\/wp-json\/wp\/v2\/types\/page"}],"author":[{"embeddable":true,"href":"https:\/\/taskentanahtar.com\/index.php\/wp-json\/wp\/v2\/users\/1"}],"replies":[{"embeddable":true,"href":"https:\/\/taskentanahtar.com\/index.php\/wp-json\/wp\/v2\/comments?post=34"}],"version-history":[{"count":2,"href":"https:\/\/taskentanahtar.com\/index.php\/wp-json\/wp\/v2\/pages\/34\/revisions"}],"predecessor-version":[{"id":128,"href":"https:\/\/taskentanahtar.com\/index.php\/wp-json\/wp\/v2\/pages\/34\/revisions\/128"}],"wp:attachment":[{"href":"https:\/\/taskentanahtar.com\/index.php\/wp-json\/wp\/v2\/media?parent=34"}],"curies":[{"name":"wp","href":"https:\/\/api.w.org\/{rel}","templated":true}]}}