{"id":48,"date":"2024-12-28T18:32:25","date_gmt":"2024-12-28T15:32:25","guid":{"rendered":"http:\/\/taskentanahtar.com\/?page_id=48"},"modified":"2025-07-15T16:27:36","modified_gmt":"2025-07-15T13:27:36","slug":"ana-sayfa","status":"publish","type":"page","link":"https:\/\/taskentanahtar.com\/index.php\/ana-sayfa\/","title":{"rendered":"Ana Sayfa"},"content":{"rendered":"\n<p><strong>Ta\u015fkent Elektronik Anahtar<\/strong><\/p>\n\n\n\n<p>Esentepe\\Karab\u00fck hizmet b\u00f6lgemizde size \u00e7e\u015fitli hizmetler veriyoruz. Sizlere kaliteli hizmet sunmak i\u00e7in i\u015fimizi \u00f6zenle yap\u0131yoruz. <mark style=\"background-color:rgba(0, 0, 0, 0)\" class=\"has-inline-color has-black-color\">Esentepe&#8217;den t\u00fcm Karab\u00fck merkez mahallelerine hizmet veriyoruz<\/mark><\/p>\n\n\n\n<p><strong>Hizmetlerimiz<\/strong><\/p>\n\n\n\n<ul class=\"wp-block-list\">\n<li>\u0130mmobilizer<\/li>\n\n\n\n<li>\u00c7ilingir<\/li>\n\n\n\n<li>Yedek anahtar<\/li>\n\n\n\n<li>Sustal\u0131 d\u00f6n\u00fc\u015f\u00fcm<\/li>\n\n\n\n<li>Pil de\u011fi\u015fimi<\/li>\n\n\n\n<li>Garaj bariyer kepenk kumandas\u0131<\/li>\n<\/ul>\n\n\n\n<p class=\"has-medium-font-size\"><strong><em>Bize Ula\u015f\u0131n<\/em><\/strong><br><strong><mark style=\"background-color:#ffffff\" class=\"has-inline-color has-vivid-red-color\">05059613952<\/mark><\/strong><\/p>\n\n\n\n<p><\/p>\n","protected":false},"excerpt":{"rendered":"<p>Ta\u015fkent Elektronik Anahtar Esentepe\\Karab\u00fck hizmet b\u00f6lgemizde size \u00e7e\u015fitli hizmetler veriyoruz. Sizlere kaliteli hizmet sunmak i\u00e7in i\u015fimizi \u00f6zenle yap\u0131yoruz. Esentepe&#8217;den t\u00fcm Karab\u00fck merkez mahallelerine hizmet veriyoruz Hizmetlerimiz Bize Ula\u015f\u0131n05059613952<\/p>\n","protected":false},"author":1,"featured_media":0,"parent":0,"menu_order":0,"comment_status":"closed","ping_status":"closed","template":"","meta":{"footnotes":""},"class_list":["post-48","page","type-page","status-publish","hentry"],"_links":{"self":[{"href":"https:\/\/taskentanahtar.com\/index.php\/wp-json\/wp\/v2\/pages\/48","targetHints":{"allow":["GET"]}}],"collection":[{"href":"https:\/\/taskentanahtar.com\/index.php\/wp-json\/wp\/v2\/pages"}],"about":[{"href":"https:\/\/taskentanahtar.com\/index.php\/wp-json\/wp\/v2\/types\/page"}],"author":[{"embeddable":true,"href":"https:\/\/taskentanahtar.com\/index.php\/wp-json\/wp\/v2\/users\/1"}],"replies":[{"embeddable":true,"href":"https:\/\/taskentanahtar.com\/index.php\/wp-json\/wp\/v2\/comments?post=48"}],"version-history":[{"count":7,"href":"https:\/\/taskentanahtar.com\/index.php\/wp-json\/wp\/v2\/pages\/48\/revisions"}],"predecessor-version":[{"id":169,"href":"https:\/\/taskentanahtar.com\/index.php\/wp-json\/wp\/v2\/pages\/48\/revisions\/169"}],"wp:attachment":[{"href":"https:\/\/taskentanahtar.com\/index.php\/wp-json\/wp\/v2\/media?parent=48"}],"curies":[{"name":"wp","href":"https:\/\/api.w.org\/{rel}","templated":true}]}}